{"id":241,"date":"2021-04-20T23:36:42","date_gmt":"2021-04-21T02:36:42","guid":{"rendered":"http:\/\/192.168.31.125\/?page_id=241"},"modified":"2021-04-21T22:07:54","modified_gmt":"2021-04-21T22:07:54","slug":"prevencion-2","status":"publish","type":"page","link":"http:\/\/www.ospavial.org.ar\/?page_id=241","title":{"rendered":"Prevenci\u00f3n"},"content":{"rendered":"\t\t<div data-elementor-type=\"wp-page\" data-elementor-id=\"241\" class=\"elementor elementor-241\" data-elementor-settings=\"[]\">\n\t\t\t\t\t\t\t<div class=\"elementor-section-wrap\">\n\t\t\t\t\t\t\t<section class=\"elementor-section elementor-top-section elementor-element elementor-element-e84d2f3 elementor-section-boxed elementor-section-height-default elementor-section-height-default\" data-id=\"e84d2f3\" data-element_type=\"section\">\n\t\t\t\t\t\t<div class=\"elementor-container elementor-column-gap-default\">\n\t\t\t\t\t<div class=\"elementor-column elementor-col-100 elementor-top-column elementor-element elementor-element-5c84017\" data-id=\"5c84017\" data-element_type=\"column\">\n\t\t\t<div class=\"elementor-widget-wrap elementor-element-populated\">\n\t\t\t\t\t\t\t\t<div class=\"elementor-element elementor-element-db3024d elementor-widget elementor-widget-heading\" data-id=\"db3024d\" data-element_type=\"widget\" data-widget_type=\"heading.default\">\n\t\t\t\t<div class=\"elementor-widget-container\">\n\t\t\t<h2 class=\"elementor-heading-title elementor-size-default\">Salud sexual y reproductiva<\/h2>\t\t<\/div>\n\t\t\t\t<\/div>\n\t\t\t\t\t<\/div>\n\t\t<\/div>\n\t\t\t\t\t\t\t<\/div>\n\t\t<\/section>\n\t\t\t\t<section class=\"elementor-section elementor-top-section elementor-element elementor-element-037b490 elementor-section-boxed elementor-section-height-default elementor-section-height-default\" data-id=\"037b490\" data-element_type=\"section\">\n\t\t\t\t\t\t<div class=\"elementor-container elementor-column-gap-default\">\n\t\t\t\t\t<div class=\"elementor-column elementor-col-100 elementor-top-column elementor-element elementor-element-027babb\" data-id=\"027babb\" data-element_type=\"column\">\n\t\t\t<div class=\"elementor-widget-wrap elementor-element-populated\">\n\t\t\t\t\t\t\t\t<div class=\"elementor-element elementor-element-860add0 elementor-widget elementor-widget-heading\" data-id=\"860add0\" data-element_type=\"widget\" data-widget_type=\"heading.default\">\n\t\t\t\t<div class=\"elementor-widget-container\">\n\t\t\t<h3 class=\"elementor-heading-title elementor-size-default\">INTERRUPCION VOLUNTARIA DEL EMBARAZO<\/h3>\t\t<\/div>\n\t\t\t\t<\/div>\n\t\t\t\t\t<\/div>\n\t\t<\/div>\n\t\t\t\t\t\t\t<\/div>\n\t\t<\/section>\n\t\t\t\t<section class=\"elementor-section elementor-top-section elementor-element elementor-element-d7c2af7 elementor-section-boxed elementor-section-height-default elementor-section-height-default\" data-id=\"d7c2af7\" data-element_type=\"section\">\n\t\t\t\t\t\t<div class=\"elementor-container elementor-column-gap-default\">\n\t\t\t\t\t<div class=\"elementor-column elementor-col-100 elementor-top-column elementor-element elementor-element-f643ee9\" data-id=\"f643ee9\" data-element_type=\"column\">\n\t\t\t<div class=\"elementor-widget-wrap elementor-element-populated\">\n\t\t\t\t\t\t\t\t<div class=\"elementor-element elementor-element-893a715 elementor-widget elementor-widget-text-editor\" data-id=\"893a715\" data-element_type=\"widget\" data-widget_type=\"text-editor.default\">\n\t\t\t\t<div class=\"elementor-widget-container\">\n\t\t\t\t\t<div class=\"elementor-text-editor elementor-clearfix\"><ul style=\"margin-top: 0cm;\" type=\"disc\"><li class=\"MsoNormal\" style=\"margin-bottom: .0001pt; line-height: normal; mso-list: l0 level1 lfo1; tab-stops: list 36.0pt;\"><span style=\"font-family: 'Arial',sans-serif; mso-fareast-font-family: 'Times New Roman'; mso-fareast-language: ES-AR;\">Para obtener informaci\u00f3n y asesoramiento sobre la Interrupci\u00f3n voluntaria del embarazo (IVE), comunicarse con la\u00a0<\/span><\/li><li class=\"MsoNormal\" style=\"margin-bottom: .0001pt; line-height: normal; mso-list: l0 level1 lfo1; tab-stops: list 36.0pt;\"><b><span style=\"font-family: 'Arial',sans-serif; mso-fareast-font-family: 'Times New Roman'; mso-fareast-language: ES-AR;\">L\u00ednea Salud Sexual,<\/span><\/b><span style=\"font-family: 'Arial',sans-serif; mso-fareast-font-family: 'Times New Roman'; mso-fareast-language: ES-AR;\">\u00a0del Ministerio de Salud de la Naci\u00f3n:<\/span><\/li><\/ul><h5 style=\"text-indent: 35.4pt; margin: 6.0pt 0cm 6.0pt 0cm;\"><b><span style=\"font-size: 13.5pt; line-height: 115%; font-family: 'Arial',sans-serif; color: windowtext;\">0800 222 3444<\/span><\/b><\/h5><p style=\"text-indent: 35.4pt; margin: 3.75pt 0cm .0001pt 0cm;\"><span style=\"font-family: 'Arial',sans-serif;\">Atenci\u00f3n personalizada y oportuna. Llam\u00e1 de <\/span><\/p><p style=\"text-indent: 35.4pt; margin: 3.75pt 0cm .0001pt 0cm;\"><span style=\"font-family: 'Arial',sans-serif;\">lunes a viernes de 9 a 21 hs. S\u00e1bados, domingos y feriados: de 9 a 18 hs.<\/span><\/p><p class=\"MsoNormal\" style=\"margin-bottom: .0001pt; line-height: 14.4pt; mso-outline-level: 3;\"><span style=\"font-size: 11.5pt; font-family: 'inherit',serif; mso-fareast-font-family: 'Times New Roman'; mso-bidi-font-family: Arial; mso-fareast-language: ES-AR;\">\u00a0\u00a0 \u00a0<span style=\"border: none windowtext 1.0pt; mso-border-alt: none windowtext 0cm; padding: 0cm;\">\u00a0\u00a0 \u00a0 \u00a0 \u00a0<\/span><\/span><\/p><p class=\"MsoListParagraphCxSpFirst\" style=\"margin-bottom: .0001pt; mso-add-space: auto; text-indent: -18.0pt; line-height: 14.4pt; mso-outline-level: 3; mso-list: l1 level1 lfo2;\"><!-- [if !supportLists]--><span style=\"font-family: Symbol; mso-fareast-font-family: Symbol; mso-bidi-font-family: Symbol; mso-fareast-language: ES-AR;\">\u00b7<span style=\"font-variant-numeric: normal; font-variant-east-asian: normal; font-stretch: normal; font-size: 7pt; line-height: normal; font-family: 'Times New Roman';\">\u00a0\u00a0\u00a0\u00a0\u00a0\u00a0\u00a0 <\/span><\/span><!--[endif]--><span style=\"font-family: 'Arial',sans-serif; mso-fareast-font-family: 'Times New Roman'; mso-fareast-language: ES-AR;\">Superintendencia de Servicios de Salud \u00d3rgano Control de Obras Sociales y entidades de Medicina Prepaga 0800-222-SALUD (72583) |www.sssalud.gob.ar| Ministerio de Salud de la Naci\u00f3n<\/span><\/p><p>\u00a0<\/p><p class=\"MsoListParagraphCxSpLast\" style=\"margin-bottom: .0001pt; mso-add-space: auto; text-indent: -18.0pt; line-height: 14.4pt; mso-outline-level: 3; mso-list: l1 level1 lfo2;\"><!-- [if !supportLists]--><span style=\"font-family: Symbol; mso-fareast-font-family: Symbol; mso-bidi-font-family: Symbol; mso-fareast-language: ES-AR;\">\u00b7<span style=\"font-variant-numeric: normal; font-variant-east-asian: normal; font-stretch: normal; font-size: 7pt; line-height: normal; font-family: 'Times New Roman';\">\u00a0\u00a0\u00a0\u00a0\u00a0\u00a0\u00a0 <\/span><\/span><!--[endif]--><span style=\"font-family: 'Arial',sans-serif; mso-fareast-font-family: 'Times New Roman'; mso-fareast-language: ES-AR;\">Obra Social del Personal de la Actividad Vial &#8211; RNOS N\u00ba 1-2230-2 | DIRECCION Central Av. De Mayo 1439 &#8211; CABA | <a href=\"http:\/\/www.ospavial.org.ar\/\"><span style=\"color: windowtext;\">www.ospavial.org.ar<\/span><\/a><\/span><\/p><\/div>\n\t\t\t\t<\/div>\n\t\t\t\t<\/div>\n\t\t\t\t\t<\/div>\n\t\t<\/div>\n\t\t\t\t\t\t\t<\/div>\n\t\t<\/section>\n\t\t\t\t<section class=\"elementor-section elementor-top-section elementor-element elementor-element-4021cb3 elementor-section-boxed elementor-section-height-default elementor-section-height-default\" data-id=\"4021cb3\" data-element_type=\"section\">\n\t\t\t\t\t\t<div class=\"elementor-container elementor-column-gap-default\">\n\t\t\t\t\t<div class=\"elementor-column elementor-col-100 elementor-top-column elementor-element elementor-element-14e561a\" data-id=\"14e561a\" data-element_type=\"column\">\n\t\t\t<div class=\"elementor-widget-wrap elementor-element-populated\">\n\t\t\t\t\t\t\t\t<div class=\"elementor-element elementor-element-3843aed elementor-widget-divider--view-line elementor-widget elementor-widget-divider\" data-id=\"3843aed\" data-element_type=\"widget\" data-widget_type=\"divider.default\">\n\t\t\t\t<div class=\"elementor-widget-container\">\n\t\t\t\t\t<div class=\"elementor-divider\">\n\t\t\t<span class=\"elementor-divider-separator\">\n\t\t\t\t\t\t<\/span>\n\t\t<\/div>\n\t\t\t\t<\/div>\n\t\t\t\t<\/div>\n\t\t\t\t\t<\/div>\n\t\t<\/div>\n\t\t\t\t\t\t\t<\/div>\n\t\t<\/section>\n\t\t\t\t<section class=\"elementor-section elementor-top-section elementor-element elementor-element-11b8ac7 elementor-section-boxed elementor-section-height-default elementor-section-height-default\" data-id=\"11b8ac7\" data-element_type=\"section\">\n\t\t\t\t\t\t<div class=\"elementor-container elementor-column-gap-default\">\n\t\t\t\t\t<div class=\"elementor-column elementor-col-100 elementor-top-column elementor-element elementor-element-27824e1\" data-id=\"27824e1\" data-element_type=\"column\">\n\t\t\t<div class=\"elementor-widget-wrap elementor-element-populated\">\n\t\t\t\t\t\t\t\t<div class=\"elementor-element elementor-element-ad4e413 elementor-widget elementor-widget-heading\" data-id=\"ad4e413\" data-element_type=\"widget\" data-widget_type=\"heading.default\">\n\t\t\t\t<div class=\"elementor-widget-container\">\n\t\t\t<h2 class=\"elementor-heading-title elementor-size-default\">Violencia de Genero<\/h2>\t\t<\/div>\n\t\t\t\t<\/div>\n\t\t\t\t\t<\/div>\n\t\t<\/div>\n\t\t\t\t\t\t\t<\/div>\n\t\t<\/section>\n\t\t\t\t<section class=\"elementor-section elementor-top-section elementor-element elementor-element-46f73b9 elementor-section-boxed elementor-section-height-default elementor-section-height-default\" data-id=\"46f73b9\" data-element_type=\"section\">\n\t\t\t\t\t\t<div class=\"elementor-container elementor-column-gap-default\">\n\t\t\t\t\t<div class=\"elementor-column elementor-col-100 elementor-top-column elementor-element elementor-element-4a81794\" data-id=\"4a81794\" data-element_type=\"column\">\n\t\t\t<div class=\"elementor-widget-wrap elementor-element-populated\">\n\t\t\t\t\t\t\t\t<div class=\"elementor-element elementor-element-7e7110e elementor-widget elementor-widget-image\" data-id=\"7e7110e\" data-element_type=\"widget\" data-widget_type=\"image.default\">\n\t\t\t\t<div class=\"elementor-widget-container\">\n\t\t\t\t\t<div class=\"elementor-image\">\n\t\t\t\t\t\t\t\t\t\t<img width=\"424\" height=\"360\" src=\"http:\/\/www.ospavial.org.ar\/wp-content\/uploads\/2021\/04\/flyer_violencia.png\" class=\"attachment-full size-full\" alt=\"\" loading=\"lazy\" srcset=\"http:\/\/www.ospavial.org.ar\/wp-content\/uploads\/2021\/04\/flyer_violencia.png 424w, http:\/\/www.ospavial.org.ar\/wp-content\/uploads\/2021\/04\/flyer_violencia-300x255.png 300w\" sizes=\"(max-width: 424px) 100vw, 424px\" \/>\t\t\t\t\t\t\t\t\t\t\t<\/div>\n\t\t\t\t<\/div>\n\t\t\t\t<\/div>\n\t\t\t\t\t<\/div>\n\t\t<\/div>\n\t\t\t\t\t\t\t<\/div>\n\t\t<\/section>\n\t\t\t\t<section class=\"elementor-section elementor-top-section elementor-element elementor-element-825537a elementor-section-boxed elementor-section-height-default elementor-section-height-default\" data-id=\"825537a\" data-element_type=\"section\">\n\t\t\t\t\t\t<div class=\"elementor-container elementor-column-gap-default\">\n\t\t\t\t\t<div class=\"elementor-column elementor-col-100 elementor-top-column elementor-element elementor-element-2b3e5bf\" data-id=\"2b3e5bf\" data-element_type=\"column\">\n\t\t\t<div class=\"elementor-widget-wrap elementor-element-populated\">\n\t\t\t\t\t\t\t\t<div class=\"elementor-element elementor-element-a1b3581 elementor-widget elementor-widget-text-editor\" data-id=\"a1b3581\" data-element_type=\"widget\" data-widget_type=\"text-editor.default\">\n\t\t\t\t<div class=\"elementor-widget-container\">\n\t\t\t\t\t<div class=\"elementor-text-editor elementor-clearfix\"><p>Llam\u00e1 al 144\u00a0<\/p><p>Comunicate v\u00eda <a style=\"color: blue;\" href=\"https:\/\/api.whatsapp.com\/send?phone=5491127716463\">WhatsApp<\/a><\/p><p>Brindamos atenci\u00f3n, asesoramiento y contenci\u00f3n para situaciones de violencias por motivos de g\u00e9nero, las 24 horas, de manera gratuita y en todo el pa\u00eds.<\/p><p>V\u00edas de contacto<br \/>Pod\u00e9s comunicarte de manera gratuita las 24 hs., los 365 d\u00edas, a trav\u00e9s de un llamado al 144, por WhatsApp al 1127716463, por mail a <a style=\"color: blue;\" href=\"mailto:linea144@mingeneros.gob.ar\">linea144@mingeneros.gob.ar<\/a> y descargando la app, estos datos est\u00e1n en la <a style=\"color: blue;\" href=\"https:\/\/www.argentina.gob.ar\/generos\/linea-144?utm_source=search&amp;utm_medium=cpc&amp;utm_campaign=linea144&amp;utm_term=grants&amp;utm_content=nacional&amp;gclid=Cj0KCQjw1PSDBhDbARIsAPeTqres5Nakm9ZgLaXJE5mdsF8N6RxeKhkbEwnmKgmhpBtbzPj1DnzsiSMaAtpPEALw_wcB\">web<\/a>.<\/p><\/div>\n\t\t\t\t<\/div>\n\t\t\t\t<\/div>\n\t\t\t\t\t<\/div>\n\t\t<\/div>\n\t\t\t\t\t\t\t<\/div>\n\t\t<\/section>\n\t\t\t\t\t\t<\/div>\n\t\t\t\t\t<\/div>\n\t\t","protected":false},"excerpt":{"rendered":"<p>Salud sexual y reproductiva INTERRUPCION VOLUNTARIA DEL EMBARAZO Para obtener informaci\u00f3n y asesoramiento sobre la Interrupci\u00f3n voluntaria del embarazo (IVE), comunicarse con la\u00a0 L\u00ednea Salud Sexual,\u00a0del Ministerio de Salud de la Naci\u00f3n: 0800 222 3444 Atenci\u00f3n personalizada y oportuna. Llam\u00e1 de lunes a viernes de 9 a 21 hs. S\u00e1bados, domingos y feriados: de 9<\/p>\n","protected":false},"author":1,"featured_media":0,"parent":0,"menu_order":0,"comment_status":"closed","ping_status":"closed","template":"fullwidth.php","meta":[],"_links":{"self":[{"href":"http:\/\/www.ospavial.org.ar\/index.php?rest_route=\/wp\/v2\/pages\/241"}],"collection":[{"href":"http:\/\/www.ospavial.org.ar\/index.php?rest_route=\/wp\/v2\/pages"}],"about":[{"href":"http:\/\/www.ospavial.org.ar\/index.php?rest_route=\/wp\/v2\/types\/page"}],"author":[{"embeddable":true,"href":"http:\/\/www.ospavial.org.ar\/index.php?rest_route=\/wp\/v2\/users\/1"}],"replies":[{"embeddable":true,"href":"http:\/\/www.ospavial.org.ar\/index.php?rest_route=%2Fwp%2Fv2%2Fcomments&post=241"}],"version-history":[{"count":9,"href":"http:\/\/www.ospavial.org.ar\/index.php?rest_route=\/wp\/v2\/pages\/241\/revisions"}],"predecessor-version":[{"id":272,"href":"http:\/\/www.ospavial.org.ar\/index.php?rest_route=\/wp\/v2\/pages\/241\/revisions\/272"}],"wp:attachment":[{"href":"http:\/\/www.ospavial.org.ar\/index.php?rest_route=%2Fwp%2Fv2%2Fmedia&parent=241"}],"curies":[{"name":"wp","href":"https:\/\/api.w.org\/{rel}","templated":true}]}}